{"id":705,"date":"2015-07-16T09:12:44","date_gmt":"2015-07-16T09:12:44","guid":{"rendered":"https:\/\/trenzadosmaygo.com\/sobre-nosotros\/"},"modified":"2022-06-01T08:02:49","modified_gmt":"2022-06-01T08:02:49","slug":"about-us","status":"publish","type":"page","link":"https:\/\/trenzadosmaygo.com\/en\/about-us\/","title":{"rendered":"ABOUT US"},"content":{"rendered":"<div id='full_slider_1'  class='avia-fullwidth-slider main_color avia-shadow   avia-builder-el-0  el_before_av_section  avia-builder-el-first  espaciado  container_wrap fullsize'  >\n<style type=\"text\/css\" data-created_by=\"avia_inline_auto\" id=\"style-css-av-l1qqrfyu-07512359db001275ce88ea1c19aa8331\">\n#top #wrap_all .avia-slideshow .av-slideshow-caption.av-l1qqrfyu-07512359db001275ce88ea1c19aa8331__0 .avia-caption-title{\nfont-size:30px;\n}\n#top .avia-slideshow .av-slideshow-caption.av-l1qqrfyu-07512359db001275ce88ea1c19aa8331__0 .avia-caption-content{\nfont-size:15px;\n}\n#top .avia-slideshow .av-slideshow-caption.av-l1qqrfyu-07512359db001275ce88ea1c19aa8331__0 .avia-caption-content p{\nfont-size:15px;\n}\n<\/style>\n<div  class='avia-slideshow av-l1qqrfyu-07512359db001275ce88ea1c19aa8331 av-control-minimal avia-slideshow-no scaling av_slideshow_full avia-fade-slider espaciado av-default-height-applied   avia-slideshow-1'  data-size='no scaling'  data-lightbox_size='large'  data-animation='fade'  data-conditional_play=''  data-ids='556,605'  data-video_counter='0'  data-autoplay='true'  data-bg_slider='false'  data-slide_height=''  data-handle='av_slideshow_full'  data-interval='3'  data-class='espaciado'  data-extra_class=' '  data-el_id=''  data-css_id=''  data-scroll_down=''  data-control_layout='av-control-minimal'  data-custom_markup=''  data-perma_caption=''  data-autoplay_stopper=''  data-image_attachment=''  data-min_height='0px'  data-lazy_loading='disabled'  data-default-height='56.25'  data-stretch=''  data-src=''  data-position='top left'  data-repeat='no-repeat'  data-attach='scroll'  data-img_scrset=''  data-av-desktop-hide=''  data-av-medium-hide=''  data-av-small-hide=''  data-av-mini-hide=''  data-id=''  data-custom_class='espaciado'  data-template_class=''  data-av_uid='av-l1qqrfyu'  data-sc_version='1.0'  data-heading_tag=''  data-heading_class=''   itemprop=\"image\" itemscope=\"itemscope\" itemtype=\"https:\/\/schema.org\/ImageObject\" ><ul class='avia-slideshow-inner ' style='padding-bottom: 56.25%;'><li  class='avia-slideshow-slide av-l1qqrfyu-07512359db001275ce88ea1c19aa8331__0  slide-1 ' ><div data-rel='slideshow-1' class='avia-slide-wrap '   ><img decoding=\"async\" class=\"wp-image-677 avia-img-lazy-loading-not-677\"  src=\"https:\/\/trenzadosmaygo.com\/wp-content\/uploads\/2022\/04\/conocenos.jpg\" width=\"1920\" height=\"1080\" title='Trenzados Maygo' alt=''  itemprop=\"thumbnailUrl\" srcset=\"https:\/\/trenzadosmaygo.com\/wp-content\/uploads\/2022\/04\/conocenos.jpg 1920w, https:\/\/trenzadosmaygo.com\/wp-content\/uploads\/2022\/04\/conocenos-300x169.jpg 300w, https:\/\/trenzadosmaygo.com\/wp-content\/uploads\/2022\/04\/conocenos-1030x579.jpg 1030w, https:\/\/trenzadosmaygo.com\/wp-content\/uploads\/2022\/04\/conocenos-768x432.jpg 768w, https:\/\/trenzadosmaygo.com\/wp-content\/uploads\/2022\/04\/conocenos-1536x864.jpg 1536w, https:\/\/trenzadosmaygo.com\/wp-content\/uploads\/2022\/04\/conocenos-1500x844.jpg 1500w, https:\/\/trenzadosmaygo.com\/wp-content\/uploads\/2022\/04\/conocenos-705x397.jpg 705w\" sizes=\"(max-width: 1920px) 100vw, 1920px\" \/><\/div><\/li><li  class='avia-slideshow-slide av-l1qqrfyu-07512359db001275ce88ea1c19aa8331__1  slide-2 ' ><div data-rel='slideshow-1' class='avia-slide-wrap '   ><img decoding=\"async\" class=\"wp-image-687 avia-img-lazy-loading-not-687\"  src=\"https:\/\/trenzadosmaygo.com\/wp-content\/uploads\/2022\/05\/trenzados676.jpg\" width=\"1920\" height=\"1080\" title='Trenzados Maygo' alt=''  itemprop=\"thumbnailUrl\" srcset=\"https:\/\/trenzadosmaygo.com\/wp-content\/uploads\/2022\/05\/trenzados676.jpg 1920w, https:\/\/trenzadosmaygo.com\/wp-content\/uploads\/2022\/05\/trenzados676-300x169.jpg 300w, https:\/\/trenzadosmaygo.com\/wp-content\/uploads\/2022\/05\/trenzados676-1030x579.jpg 1030w, https:\/\/trenzadosmaygo.com\/wp-content\/uploads\/2022\/05\/trenzados676-768x432.jpg 768w, https:\/\/trenzadosmaygo.com\/wp-content\/uploads\/2022\/05\/trenzados676-1536x864.jpg 1536w, https:\/\/trenzadosmaygo.com\/wp-content\/uploads\/2022\/05\/trenzados676-1500x844.jpg 1500w, https:\/\/trenzadosmaygo.com\/wp-content\/uploads\/2022\/05\/trenzados676-705x397.jpg 705w\" sizes=\"(max-width: 1920px) 100vw, 1920px\" \/><\/div><\/li><\/ul><div class='avia-slideshow-arrows avia-slideshow-controls' ><a href='#prev' class='prev-slide ' aria-hidden='true' data-av_icon='\ue87c' data-av_iconfont='entypo-fontello'  tabindex='-1'>Previous<\/a><a href='#next' class='next-slide ' aria-hidden='true' data-av_icon='\ue87d' data-av_iconfont='entypo-fontello'  tabindex='-1'>Next<\/a><\/div><div class='avia-slideshow-dots avia-slideshow-controls'><a href='#1' class='goto-slide active' >1<\/a><a href='#2' class='goto-slide ' >2<\/a><\/div><\/div><\/div>\n<div id='av_section_1'  class='avia-section av-3t5ma-67db0b4108cef70b42e1bd980df73e78 main_color avia-section-large avia-no-border-styling  avia-builder-el-1  el_after_av_slideshow_full  el_before_av_section  avia-bg-style-scroll container_wrap fullsize'  ><div class='container av-section-cont-open' ><div class='template-page content  av-content-full alpha units'><div class='post-entry post-entry-type-page post-entry-705'><div class='entry-content-wrapper clearfix'>\n\n<style type=\"text\/css\" data-created_by=\"avia_inline_auto\" id=\"style-css-av-l1qqpegf-2d407a84bd9d26ab96a91cb3c4879b03\">\n#top .av-special-heading.av-l1qqpegf-2d407a84bd9d26ab96a91cb3c4879b03{\npadding-bottom:20px;\nfont-size:40px;\n}\nbody .av-special-heading.av-l1qqpegf-2d407a84bd9d26ab96a91cb3c4879b03 .av-special-heading-tag .heading-char{\nfont-size:25px;\n}\n#top #wrap_all .av-special-heading.av-l1qqpegf-2d407a84bd9d26ab96a91cb3c4879b03 .av-special-heading-tag{\nfont-size:40px;\n}\n.av-special-heading.av-l1qqpegf-2d407a84bd9d26ab96a91cb3c4879b03 .av-subheading{\nfont-size:15px;\n}\n<\/style>\n<div  class='av-special-heading av-l1qqpegf-2d407a84bd9d26ab96a91cb3c4879b03 av-special-heading-h1 blockquote modern-quote modern-centered  avia-builder-el-2  el_before_av_one_fifth  avia-builder-el-first  av-inherit-size'><h1 class='av-special-heading-tag'  itemprop=\"headline\"  >ABOUT US<\/h1><div class=\"special-heading-border\"><div class=\"special-heading-inner-border\"><\/div><\/div><\/div>\n\n<style type=\"text\/css\" data-created_by=\"avia_inline_auto\" id=\"style-css-av-vo1sa-ef068f7ae0e43eddc4ae2680d27e35a8\">\n.flex_column.av-vo1sa-ef068f7ae0e43eddc4ae2680d27e35a8{\nborder-radius:0px 0px 0px 0px;\n-webkit-border-radius:0px 0px 0px 0px;\n-moz-border-radius:0px 0px 0px 0px;\n}\n<\/style>\n<div class='flex_column av-vo1sa-ef068f7ae0e43eddc4ae2680d27e35a8 av_one_fifth  avia-builder-el-3  el_after_av_heading  el_before_av_three_fifth  first flex_column_div av-zero-column-padding '   ><\/div>\n<style type=\"text\/css\" data-created_by=\"avia_inline_auto\" id=\"style-css-av-safp6-adc5fa4e630545f464b209e24302f325\">\n.flex_column.av-safp6-adc5fa4e630545f464b209e24302f325{\nborder-radius:0px 0px 0px 0px;\n-webkit-border-radius:0px 0px 0px 0px;\n-moz-border-radius:0px 0px 0px 0px;\n}\n<\/style>\n<div class='flex_column av-safp6-adc5fa4e630545f464b209e24302f325 av_three_fifth  avia-builder-el-4  el_after_av_one_fifth  el_before_av_one_fifth  flex_column_div  av-animated-generic bottom-to-top av-zero-column-padding '   ><style type=\"text\/css\" data-created_by=\"avia_inline_auto\" id=\"style-css-av-l1qqz3bw-b47464911c428669fb8a1ccc79224916\">\n#top .av_textblock_section.av-l1qqz3bw-b47464911c428669fb8a1ccc79224916 .avia_textblock{\nfont-size:18px;\n}\n<\/style>\n<section  class='av_textblock_section av-l1qqz3bw-b47464911c428669fb8a1ccc79224916'  itemscope=\"itemscope\" itemtype=\"https:\/\/schema.org\/CreativeWork\" ><div class='avia_textblock'  itemprop=\"text\" ><p>In our early days, we were machinery manufacturers, which is why most of our machines come from our workshop.<\/p>\n<p>Trenzados Maygo was founded in 1994 by Francisco Maci\u00e1 Bel\u00e9n, as a continuation of Trenzados Maci\u00e1, since then we have worked seriously and responsibly, offering our customers a wide variety of braids, bands, jute soles and covered platforms.<\/p>\n<p>The continuous changes in fashion force us to be in a constant process of evolution, adapting our articles to the demands of the market.<\/p>\n<\/div><\/section><\/div>\n<style type=\"text\/css\" data-created_by=\"avia_inline_auto\" id=\"style-css-av-ld5xm-04ec9bd98204da5181bcd39c5c57a589\">\n.flex_column.av-ld5xm-04ec9bd98204da5181bcd39c5c57a589{\nborder-radius:0px 0px 0px 0px;\n-webkit-border-radius:0px 0px 0px 0px;\n-moz-border-radius:0px 0px 0px 0px;\n}\n<\/style>\n<div class='flex_column av-ld5xm-04ec9bd98204da5181bcd39c5c57a589 av_one_fifth  avia-builder-el-6  el_after_av_three_fifth  avia-builder-el-last  flex_column_div av-zero-column-padding '   ><\/div>\n\n<\/div><\/div><\/div><!-- close content main div --><\/div><\/div><div id='av_section_2'  class='avia-section av-gidhu-318e02a9ae53c472954cba9bd8d41d77 main_color avia-section-no-padding avia-no-border-styling  avia-builder-el-7  el_after_av_section  avia-builder-el-last  avia-bg-style-scroll container_wrap fullsize'  ><div class='container av-section-cont-open' ><div class='template-page content  av-content-full alpha units'><div class='post-entry post-entry-type-page post-entry-705'><div class='entry-content-wrapper clearfix'>\n\n<style type=\"text\/css\" data-created_by=\"avia_inline_auto\" id=\"style-css-av-augg2-c36333eeafd50b66a2f50a836313b7d7\">\n.flex_column.av-augg2-c36333eeafd50b66a2f50a836313b7d7{\nborder-radius:0px 0px 0px 0px;\n-webkit-border-radius:0px 0px 0px 0px;\n-moz-border-radius:0px 0px 0px 0px;\n}\n<\/style>\n<div class='flex_column av-augg2-c36333eeafd50b66a2f50a836313b7d7 av_one_full first flex_column_div av-zero-column-padding '   ><p>\n<style type=\"text\/css\" data-created_by=\"avia_inline_auto\" id=\"style-css-av-l1qqx7uc-ac3d0b9e5a92bdc2d05d313c758c5dd9\">\n.avia-image-container.av-l1qqx7uc-ac3d0b9e5a92bdc2d05d313c758c5dd9 .av-image-caption-overlay-center{\ncolor:#ffffff;\n}\n<\/style>\n<div  class='avia-image-container av-l1qqx7uc-ac3d0b9e5a92bdc2d05d313c758c5dd9 av-styling- avia-align-center  avia-builder-el-8  el_before_av_image  avia-builder-el-first '  itemprop=\"image\" itemscope=\"itemscope\" itemtype=\"https:\/\/schema.org\/ImageObject\" ><div class=\"avia-image-container-inner\"><div class=\"avia-image-overlay-wrap\"><img decoding=\"async\" class='wp-image-679 avia-img-lazy-loading-not-679 avia_image' src=\"https:\/\/trenzadosmaygo.com\/wp-content\/uploads\/2022\/04\/conocenos2.jpg\" alt='' title='Trenzados Maygo'  height=\"1080\" width=\"1920\"  itemprop=\"thumbnailUrl\" srcset=\"https:\/\/trenzadosmaygo.com\/wp-content\/uploads\/2022\/04\/conocenos2.jpg 1920w, https:\/\/trenzadosmaygo.com\/wp-content\/uploads\/2022\/04\/conocenos2-300x169.jpg 300w, https:\/\/trenzadosmaygo.com\/wp-content\/uploads\/2022\/04\/conocenos2-1030x579.jpg 1030w, https:\/\/trenzadosmaygo.com\/wp-content\/uploads\/2022\/04\/conocenos2-768x432.jpg 768w, https:\/\/trenzadosmaygo.com\/wp-content\/uploads\/2022\/04\/conocenos2-1536x864.jpg 1536w, https:\/\/trenzadosmaygo.com\/wp-content\/uploads\/2022\/04\/conocenos2-1500x844.jpg 1500w, https:\/\/trenzadosmaygo.com\/wp-content\/uploads\/2022\/04\/conocenos2-705x397.jpg 705w\" sizes=\"(max-width: 1920px) 100vw, 1920px\" \/><\/div><\/div><\/div><br \/>\n\n<style type=\"text\/css\" data-created_by=\"avia_inline_auto\" id=\"style-css-av-l1qqxhoi-6e35c8ab20729f82f4436f0ee0a7a34b\">\n.avia-image-container.av-l1qqxhoi-6e35c8ab20729f82f4436f0ee0a7a34b .av-image-caption-overlay-center{\ncolor:#ffffff;\n}\n<\/style>\n<div  class='avia-image-container av-l1qqxhoi-6e35c8ab20729f82f4436f0ee0a7a34b av-styling- avia-align-center  avia-builder-el-9  el_after_av_image  el_before_av_image '  itemprop=\"image\" itemscope=\"itemscope\" itemtype=\"https:\/\/schema.org\/ImageObject\" ><div class=\"avia-image-container-inner\"><div class=\"avia-image-overlay-wrap\"><img decoding=\"async\" class='wp-image-681 avia-img-lazy-loading-not-681 avia_image' src=\"https:\/\/trenzadosmaygo.com\/wp-content\/uploads\/2022\/04\/conocenos3.jpg\" alt='' title='Trenzados Maygo'  height=\"1080\" width=\"1920\"  itemprop=\"thumbnailUrl\" srcset=\"https:\/\/trenzadosmaygo.com\/wp-content\/uploads\/2022\/04\/conocenos3.jpg 1920w, https:\/\/trenzadosmaygo.com\/wp-content\/uploads\/2022\/04\/conocenos3-300x169.jpg 300w, https:\/\/trenzadosmaygo.com\/wp-content\/uploads\/2022\/04\/conocenos3-1030x579.jpg 1030w, https:\/\/trenzadosmaygo.com\/wp-content\/uploads\/2022\/04\/conocenos3-768x432.jpg 768w, https:\/\/trenzadosmaygo.com\/wp-content\/uploads\/2022\/04\/conocenos3-1536x864.jpg 1536w, https:\/\/trenzadosmaygo.com\/wp-content\/uploads\/2022\/04\/conocenos3-1500x844.jpg 1500w, https:\/\/trenzadosmaygo.com\/wp-content\/uploads\/2022\/04\/conocenos3-705x397.jpg 705w\" sizes=\"(max-width: 1920px) 100vw, 1920px\" \/><\/div><\/div><\/div><br \/>\n\n<style type=\"text\/css\" data-created_by=\"avia_inline_auto\" id=\"style-css-av-l1qqxnyb-9829a0c3e20028aba2177217966227f7\">\n.avia-image-container.av-l1qqxnyb-9829a0c3e20028aba2177217966227f7 .av-image-caption-overlay-center{\ncolor:#ffffff;\n}\n<\/style>\n<div  class='avia-image-container av-l1qqxnyb-9829a0c3e20028aba2177217966227f7 av-styling- avia-align-center  avia-builder-el-10  el_after_av_image  avia-builder-el-last '  itemprop=\"image\" itemscope=\"itemscope\" itemtype=\"https:\/\/schema.org\/ImageObject\" ><div class=\"avia-image-container-inner\"><div class=\"avia-image-overlay-wrap\"><img decoding=\"async\" class='wp-image-683 avia-img-lazy-loading-not-683 avia_image' src=\"https:\/\/trenzadosmaygo.com\/wp-content\/uploads\/2022\/04\/conocenos4.jpg\" alt='' title='Trenzados Maygo'  height=\"1080\" width=\"1920\"  itemprop=\"thumbnailUrl\" srcset=\"https:\/\/trenzadosmaygo.com\/wp-content\/uploads\/2022\/04\/conocenos4.jpg 1920w, https:\/\/trenzadosmaygo.com\/wp-content\/uploads\/2022\/04\/conocenos4-300x169.jpg 300w, https:\/\/trenzadosmaygo.com\/wp-content\/uploads\/2022\/04\/conocenos4-1030x579.jpg 1030w, https:\/\/trenzadosmaygo.com\/wp-content\/uploads\/2022\/04\/conocenos4-768x432.jpg 768w, https:\/\/trenzadosmaygo.com\/wp-content\/uploads\/2022\/04\/conocenos4-1536x864.jpg 1536w, https:\/\/trenzadosmaygo.com\/wp-content\/uploads\/2022\/04\/conocenos4-1500x844.jpg 1500w, https:\/\/trenzadosmaygo.com\/wp-content\/uploads\/2022\/04\/conocenos4-705x397.jpg 705w\" sizes=\"(max-width: 1920px) 100vw, 1920px\" \/><\/div><\/div><\/div><\/p><\/div>\n\n","protected":false},"excerpt":{"rendered":"","protected":false},"author":1,"featured_media":0,"parent":0,"menu_order":0,"comment_status":"open","ping_status":"open","template":"","meta":{"footnotes":""},"class_list":["post-705","page","type-page","status-publish","hentry"],"_links":{"self":[{"href":"https:\/\/trenzadosmaygo.com\/en\/wp-json\/wp\/v2\/pages\/705","targetHints":{"allow":["GET"]}}],"collection":[{"href":"https:\/\/trenzadosmaygo.com\/en\/wp-json\/wp\/v2\/pages"}],"about":[{"href":"https:\/\/trenzadosmaygo.com\/en\/wp-json\/wp\/v2\/types\/page"}],"author":[{"embeddable":true,"href":"https:\/\/trenzadosmaygo.com\/en\/wp-json\/wp\/v2\/users\/1"}],"replies":[{"embeddable":true,"href":"https:\/\/trenzadosmaygo.com\/en\/wp-json\/wp\/v2\/comments?post=705"}],"version-history":[{"count":3,"href":"https:\/\/trenzadosmaygo.com\/en\/wp-json\/wp\/v2\/pages\/705\/revisions"}],"predecessor-version":[{"id":947,"href":"https:\/\/trenzadosmaygo.com\/en\/wp-json\/wp\/v2\/pages\/705\/revisions\/947"}],"wp:attachment":[{"href":"https:\/\/trenzadosmaygo.com\/en\/wp-json\/wp\/v2\/media?parent=705"}],"curies":[{"name":"wp","href":"https:\/\/api.w.org\/{rel}","templated":true}]}}